{"id":126,"date":"2026-01-18T10:13:27","date_gmt":"2026-01-18T10:13:27","guid":{"rendered":"https:\/\/liter.ch\/?page_id=126"},"modified":"2026-04-12T11:52:24","modified_gmt":"2026-04-12T11:52:24","slug":"ueber-uns","status":"publish","type":"page","link":"https:\/\/liter.ch\/index.php\/ueber-uns\/","title":{"rendered":"\u00dcber uns"},"content":{"rendered":"\t\t<div data-elementor-type=\"wp-page\" data-elementor-id=\"126\" class=\"elementor elementor-126\" data-elementor-post-type=\"page\">\n\t\t\t\t<div class=\"elementor-element elementor-element-7e2a79c e-con-full e-flex e-con e-parent\" data-id=\"7e2a79c\" data-element_type=\"container\" data-e-type=\"container\" data-settings=\"{&quot;position&quot;:&quot;absolute&quot;}\">\n\t\t<div class=\"elementor-element elementor-element-562663a e-con-full e-flex e-con e-child\" data-id=\"562663a\" data-element_type=\"container\" data-e-type=\"container\" data-settings=\"{&quot;background_background&quot;:&quot;classic&quot;}\">\n\t\t\t\t<\/div>\n\t\t<div class=\"elementor-element elementor-element-98b13f4 e-con-full e-flex e-con e-child\" data-id=\"98b13f4\" data-element_type=\"container\" data-e-type=\"container\">\n\t\t\t\t<div class=\"elementor-element elementor-element-feaa8e4 elementor-widget elementor-widget-text-editor\" data-id=\"feaa8e4\" data-element_type=\"widget\" data-e-type=\"widget\" data-widget_type=\"text-editor.default\">\n\t\t\t\t\t\t\t\t\t<p class=\"p1\">Das Kollektiv LITER besteht aus Sina Aebischer, Nina Hurni und Caterina John. Seit mehreren Jahren treffen sich die drei regelm\u00e4ssig zum Schreiben: ob gemeinsam an einem Text oder f\u00fcr sich. LITER ist fl\u00fcssig und fliesst in Zwischenr\u00e4ume, um dort die Grenzen des Individuellen zu verwischen. Als wandelbare Fl\u00fcssigkeit glaubt LITER an die st\u00e4rkende Wirkung von kreativem Zusammensein und schreibt mit einer feministischen Stimme.<\/p>\t\t\t\t\t\t\t\t<\/div>\n\t\t\t\t<div class=\"elementor-element elementor-element-57364f5 elementor-widget elementor-widget-text-editor\" data-id=\"57364f5\" data-element_type=\"widget\" data-e-type=\"widget\" data-widget_type=\"text-editor.default\">\n\t\t\t\t\t\t\t\t\t<p><a href=\"https:\/\/wiewaersmalmit.ch\/Kollektiv-LITER-Basel-Im-Gesprach-mit-Caterina-John-Nina-Hurni-und\">&gt; Beitrag von &#171;Wie w\u00e4r&#8217;s mal mit&#187; vom Oktober 2025<\/a><\/p><p><a href=\"https:\/\/www.bzbasel.ch\/kultur\/basel\/das-aufloesen-der-enden-basler-kollektiv-liter-schreibt-roman-zu-dritt-ld.4107676\">&gt; bz-Portr\u00e4t vom Januar 2026<\/a><\/p><p><a href=\"https:\/\/issuu.com\/regio-aktuell\/docs\/lima_110_-_01_26?fr=xKAE9_zMzMw\">&gt; Kurzportr\u00e4t im LiMa vom Februar 2026<\/a><\/p><p>&gt; <a href=\"https:\/\/radiox.ch\/news-archiv\/potm-maerz-kollektiv-liter.html#\">Playlist<\/a> und <a href=\"https:\/\/www.mixcloud.com\/radiox_basel\/playlist-of-the-month-m%C3%A4rz-2026-kollektiv-liter\/\">Beitrag<\/a> auf RadioX vom M\u00e4rz 2026<\/p>\t\t\t\t\t\t\t\t<\/div>\n\t\t\t\t<\/div>\n\t\t\t\t<\/div>\n\t\t\t\t<\/div>\n\t\t","protected":false},"excerpt":{"rendered":"<p>Das Kollektiv LITER besteht aus Sina Aebischer, Nina Hurni und Caterina John. Seit mehreren Jahren treffen sich die drei regelm\u00e4ssig zum Schreiben: ob gemeinsam an einem Text oder f\u00fcr sich. LITER ist fl\u00fcssig und fliesst in Zwischenr\u00e4ume, um dort die Grenzen des Individuellen zu verwischen. Als wandelbare Fl\u00fcssigkeit glaubt LITER an die st\u00e4rkende Wirkung von [&hellip;]<\/p>\n","protected":false},"author":1,"featured_media":0,"parent":0,"menu_order":0,"comment_status":"closed","ping_status":"closed","template":"elementor_header_footer","meta":{"footnotes":""},"class_list":["post-126","page","type-page","status-publish","hentry"],"_links":{"self":[{"href":"https:\/\/liter.ch\/index.php\/wp-json\/wp\/v2\/pages\/126","targetHints":{"allow":["GET"]}}],"collection":[{"href":"https:\/\/liter.ch\/index.php\/wp-json\/wp\/v2\/pages"}],"about":[{"href":"https:\/\/liter.ch\/index.php\/wp-json\/wp\/v2\/types\/page"}],"author":[{"embeddable":true,"href":"https:\/\/liter.ch\/index.php\/wp-json\/wp\/v2\/users\/1"}],"replies":[{"embeddable":true,"href":"https:\/\/liter.ch\/index.php\/wp-json\/wp\/v2\/comments?post=126"}],"version-history":[{"count":55,"href":"https:\/\/liter.ch\/index.php\/wp-json\/wp\/v2\/pages\/126\/revisions"}],"predecessor-version":[{"id":349,"href":"https:\/\/liter.ch\/index.php\/wp-json\/wp\/v2\/pages\/126\/revisions\/349"}],"wp:attachment":[{"href":"https:\/\/liter.ch\/index.php\/wp-json\/wp\/v2\/media?parent=126"}],"curies":[{"name":"wp","href":"https:\/\/api.w.org\/{rel}","templated":true}]}}