{"id":178,"date":"2026-01-18T11:24:03","date_gmt":"2026-01-18T11:24:03","guid":{"rendered":"https:\/\/liter.ch\/?page_id=178"},"modified":"2026-01-27T13:15:41","modified_gmt":"2026-01-27T13:15:41","slug":"kontakt","status":"publish","type":"page","link":"https:\/\/liter.ch\/index.php\/kontakt\/","title":{"rendered":"Kontakt"},"content":{"rendered":"\t\t<div data-elementor-type=\"wp-page\" data-elementor-id=\"178\" class=\"elementor elementor-178\" data-elementor-post-type=\"page\">\n\t\t\t\t<div class=\"elementor-element elementor-element-f1ca8a5 e-con-full e-flex e-con e-parent\" data-id=\"f1ca8a5\" data-element_type=\"container\" data-e-type=\"container\" data-settings=\"{&quot;position&quot;:&quot;absolute&quot;}\">\n\t\t<div class=\"elementor-element elementor-element-acfc202 e-con-full e-flex e-con e-child\" data-id=\"acfc202\" data-element_type=\"container\" data-e-type=\"container\">\n\t\t\t\t<div class=\"elementor-element elementor-element-01c84bc elementor-widget elementor-widget-text-editor\" data-id=\"01c84bc\" data-element_type=\"widget\" data-e-type=\"widget\" data-widget_type=\"text-editor.default\">\n\t\t\t\t\t\t\t\t\t<p class=\"p1\">Du m\u00f6chtest LITER unterst\u00fctzen oder hast eine Frage? <br \/>Melde dich gerne via Mail oder folge uns auf Instagram f\u00fcr News und Facts rund um uns, kollektives Schreiben und neue Publikationen von LITER.<\/p>\t\t\t\t\t\t\t\t<\/div>\n\t\t\t\t<div class=\"elementor-element elementor-element-7a9a05a elementor-widget elementor-widget-text-editor\" data-id=\"7a9a05a\" data-element_type=\"widget\" data-e-type=\"widget\" data-widget_type=\"text-editor.default\">\n\t\t\t\t\t\t\t\t\t<p><a href=\"mailto:kollektiv@liter.ch\">kollektiv@liter.ch<\/a><br \/><a href=\"https:\/\/www.instagram.com\/kollektivliter\/\">@kollektivliter<\/a><\/p><p>\u00a0<\/p>\t\t\t\t\t\t\t\t<\/div>\n\t\t\t\t<\/div>\n\t\t<div class=\"elementor-element elementor-element-85d4f1e e-con-full e-flex e-con e-child\" data-id=\"85d4f1e\" data-element_type=\"container\" data-e-type=\"container\">\n\t\t\t\t<div class=\"elementor-element elementor-element-316f704 elementor-widget elementor-widget-text-editor\" data-id=\"316f704\" data-element_type=\"widget\" data-e-type=\"widget\" data-widget_type=\"text-editor.default\">\n\t\t\t\t\t\t\t\t\t<p class=\"p1\">Lade dir hier die Medienmitteilung zum Kollektiv LITER und der ersten Publikation &#171;Das Aufl\u00f6sen der Enden&#187; herunter:<\/p>\t\t\t\t\t\t\t\t<\/div>\n\t\t\t\t<div class=\"elementor-element elementor-element-9a2cf5f elementor-widget elementor-widget-button\" data-id=\"9a2cf5f\" data-element_type=\"widget\" data-e-type=\"widget\" data-widget_type=\"button.default\">\n\t\t\t\t\t\t\t\t\t\t<a class=\"elementor-button elementor-button-link elementor-size-sm\" href=\"https:\/\/liter.ch\/wp-content\/uploads\/2025\/12\/LITER-DasAufloesenDerEnden-Medienmitteilung-1.pdf\">\n\t\t\t\t\t\t<span class=\"elementor-button-content-wrapper\">\n\t\t\t\t\t\t\t\t\t<span class=\"elementor-button-text\">Medienmitteilung herunterladen<\/span>\n\t\t\t\t\t<\/span>\n\t\t\t\t\t<\/a>\n\t\t\t\t\t\t\t\t<\/div>\n\t\t\t\t<\/div>\n\t\t<div class=\"elementor-element elementor-element-d3c4d55 e-con-full e-flex e-con e-child\" data-id=\"d3c4d55\" data-element_type=\"container\" data-e-type=\"container\">\n\t\t\t\t<\/div>\n\t\t\t\t<\/div>\n\t\t\t\t<\/div>\n\t\t","protected":false},"excerpt":{"rendered":"<p>Du m\u00f6chtest LITER unterst\u00fctzen oder hast eine Frage? Melde dich gerne via Mail oder folge uns auf Instagram f\u00fcr News und Facts rund um uns, kollektives Schreiben und neue Publikationen von LITER. kollektiv@liter.ch@kollektivliter \u00a0 Lade dir hier die Medienmitteilung zum Kollektiv LITER und der ersten Publikation &#171;Das Aufl\u00f6sen der Enden&#187; herunter: Medienmitteilung herunterladen<\/p>\n","protected":false},"author":1,"featured_media":0,"parent":0,"menu_order":0,"comment_status":"closed","ping_status":"closed","template":"elementor_header_footer","meta":{"footnotes":""},"class_list":["post-178","page","type-page","status-publish","hentry"],"_links":{"self":[{"href":"https:\/\/liter.ch\/index.php\/wp-json\/wp\/v2\/pages\/178","targetHints":{"allow":["GET"]}}],"collection":[{"href":"https:\/\/liter.ch\/index.php\/wp-json\/wp\/v2\/pages"}],"about":[{"href":"https:\/\/liter.ch\/index.php\/wp-json\/wp\/v2\/types\/page"}],"author":[{"embeddable":true,"href":"https:\/\/liter.ch\/index.php\/wp-json\/wp\/v2\/users\/1"}],"replies":[{"embeddable":true,"href":"https:\/\/liter.ch\/index.php\/wp-json\/wp\/v2\/comments?post=178"}],"version-history":[{"count":16,"href":"https:\/\/liter.ch\/index.php\/wp-json\/wp\/v2\/pages\/178\/revisions"}],"predecessor-version":[{"id":284,"href":"https:\/\/liter.ch\/index.php\/wp-json\/wp\/v2\/pages\/178\/revisions\/284"}],"wp:attachment":[{"href":"https:\/\/liter.ch\/index.php\/wp-json\/wp\/v2\/media?parent=178"}],"curies":[{"name":"wp","href":"https:\/\/api.w.org\/{rel}","templated":true}]}}