{"id":194,"date":"2026-01-18T11:47:51","date_gmt":"2026-01-18T11:47:51","guid":{"rendered":"https:\/\/liter.ch\/?page_id=194"},"modified":"2026-01-18T13:05:06","modified_gmt":"2026-01-18T13:05:06","slug":"publikation","status":"publish","type":"page","link":"https:\/\/liter.ch\/index.php\/publikation\/","title":{"rendered":"Publikation"},"content":{"rendered":"\t\t<div data-elementor-type=\"wp-page\" data-elementor-id=\"194\" class=\"elementor elementor-194\" data-elementor-post-type=\"page\">\n\t\t\t\t<div class=\"elementor-element elementor-element-c41d8bd e-con-full e-flex e-con e-parent\" data-id=\"c41d8bd\" data-element_type=\"container\" data-e-type=\"container\" data-settings=\"{&quot;position&quot;:&quot;absolute&quot;}\">\n\t\t<div class=\"elementor-element elementor-element-8470a8e e-con-full e-flex e-con e-child\" data-id=\"8470a8e\" data-element_type=\"container\" data-e-type=\"container\" data-settings=\"{&quot;background_background&quot;:&quot;classic&quot;}\">\n\t\t\t\t<div class=\"elementor-element elementor-element-4528167 elementor-widget elementor-widget-video\" data-id=\"4528167\" data-element_type=\"widget\" data-e-type=\"widget\" data-settings=\"{&quot;video_type&quot;:&quot;hosted&quot;,&quot;autoplay&quot;:&quot;yes&quot;,&quot;play_on_mobile&quot;:&quot;yes&quot;,&quot;mute&quot;:&quot;yes&quot;,&quot;loop&quot;:&quot;yes&quot;}\" data-widget_type=\"video.default\">\n\t\t\t\t\t\t\t<div class=\"e-hosted-video elementor-wrapper elementor-open-inline\">\n\t\t\t\t\t<video class=\"elementor-video\" src=\"https:\/\/liter.ch\/wp-content\/uploads\/2026\/01\/LITER-DasAufloesenDerEnden-Promo-Video.mov\" autoplay=\"\" loop=\"\" muted=\"muted\" playsinline=\"\" controlsList=\"nodownload\"><\/video>\n\t\t\t\t<\/div>\n\t\t\t\t\t\t<\/div>\n\t\t\t\t<\/div>\n\t\t<div class=\"elementor-element elementor-element-92dbe3a e-con-full e-flex e-con e-child\" data-id=\"92dbe3a\" data-element_type=\"container\" data-e-type=\"container\">\n\t\t\t\t<div class=\"elementor-element elementor-element-4d632cb elementor-widget elementor-widget-text-editor\" data-id=\"4d632cb\" data-element_type=\"widget\" data-e-type=\"widget\" data-widget_type=\"text-editor.default\">\n\t\t\t\t\t\t\t\t\t<p class=\"p1\">Das Aufl\u00f6sen der Enden<br \/>0.236 Liter<\/p><p class=\"p2\">Jemand beginnt nach einer Trennung zu rennen, jemand frittiert in einem \u00d6ko-Imbiss Tofu, jemand w\u00e4chst in vielen D\u00f6rfern und Geschichten auf. Drei Figuren in verschiedenen Stadien des Erwachsenwerdens gehen verloren zwischen Stadt und Land und sehnen sich nach Radikalit\u00e4t. Die einzige Ver\u00e4nderung: ein neuer KFC an einer historisch bedeutenden Strasse. \u00dcberwacht von den grossen T\u00fcrmen der Pharma ist ihr Leben sicher, doch die Gesundheit hat l\u00e4ngst ihre Unschuld verloren und ist vermengt mit Hyperkapitalismus, Selbstoptimierung und K\u00f6rperhass. Doch wohin, wenn die L\u00e4nder der Freiheit in den Wahnsinn kippen? Eine furiose Geschichte \u00fcber Frittier\u00f6l und Gegenwart.<\/p>\t\t\t\t\t\t\t\t<\/div>\n\t\t\t\t<div class=\"elementor-element elementor-element-c7313e3 elementor-widget elementor-widget-text-editor\" data-id=\"c7313e3\" data-element_type=\"widget\" data-e-type=\"widget\" data-widget_type=\"text-editor.default\">\n\t\t\t\t\t\t\t\t\t<p class=\"p1\">ISBN-Nr.: <span class=\"s1\">978<\/span>&#8211;<span class=\"s1\">3<\/span>&#8211;<span class=\"s1\">9526257<\/span>&#8211;<span class=\"s1\">0<\/span>&#8211;<span class=\"s1\">5<br \/><\/span><a href=\"http:\/\/sorayakoefer.ch\/shop\">CHF 25.00 &gt; Hier bestellen<\/a><\/p>\t\t\t\t\t\t\t\t<\/div>\n\t\t\t\t<\/div>\n\t\t\t\t<\/div>\n\t\t\t\t<\/div>\n\t\t","protected":false},"excerpt":{"rendered":"<p>https:\/\/liter.ch\/wp-content\/uploads\/2026\/01\/LITER-DasAufloesenDerEnden-Promo-Video.mov Das Aufl\u00f6sen der Enden0.236 Liter Jemand beginnt nach einer Trennung zu rennen, jemand frittiert in einem \u00d6ko-Imbiss Tofu, jemand w\u00e4chst in vielen D\u00f6rfern und Geschichten auf. Drei Figuren in verschiedenen Stadien des Erwachsenwerdens gehen verloren zwischen Stadt und Land und sehnen sich nach Radikalit\u00e4t. Die einzige Ver\u00e4nderung: ein neuer KFC an einer historisch bedeutenden [&hellip;]<\/p>\n","protected":false},"author":1,"featured_media":0,"parent":0,"menu_order":0,"comment_status":"closed","ping_status":"closed","template":"elementor_header_footer","meta":{"footnotes":""},"class_list":["post-194","page","type-page","status-publish","hentry"],"_links":{"self":[{"href":"https:\/\/liter.ch\/index.php\/wp-json\/wp\/v2\/pages\/194","targetHints":{"allow":["GET"]}}],"collection":[{"href":"https:\/\/liter.ch\/index.php\/wp-json\/wp\/v2\/pages"}],"about":[{"href":"https:\/\/liter.ch\/index.php\/wp-json\/wp\/v2\/types\/page"}],"author":[{"embeddable":true,"href":"https:\/\/liter.ch\/index.php\/wp-json\/wp\/v2\/users\/1"}],"replies":[{"embeddable":true,"href":"https:\/\/liter.ch\/index.php\/wp-json\/wp\/v2\/comments?post=194"}],"version-history":[{"count":40,"href":"https:\/\/liter.ch\/index.php\/wp-json\/wp\/v2\/pages\/194\/revisions"}],"predecessor-version":[{"id":281,"href":"https:\/\/liter.ch\/index.php\/wp-json\/wp\/v2\/pages\/194\/revisions\/281"}],"wp:attachment":[{"href":"https:\/\/liter.ch\/index.php\/wp-json\/wp\/v2\/media?parent=194"}],"curies":[{"name":"wp","href":"https:\/\/api.w.org\/{rel}","templated":true}]}}